{"id":237506,"date":"2022-05-17T09:38:55","date_gmt":"2022-05-17T09:38:55","guid":{"rendered":"http:\/\/frederiksgade1.com\/about-us\/"},"modified":"2024-04-09T11:36:55","modified_gmt":"2024-04-09T11:36:55","slug":"about-us","status":"publish","type":"page","link":"http:\/\/frederiksgade1.com\/en\/about-us\/","title":{"rendered":"ABOUT US"},"content":{"rendered":"<p>[et_pb_section fb_built=&#8221;1&#8243; custom_padding_last_edited=&#8221;on|phone&#8221; _builder_version=&#8221;4.16&#8243; _module_preset=&#8221;default&#8221; custom_margin=&#8221;||||false|false&#8221; custom_padding=&#8221;0px|150px|0px|150px|false|true&#8221; custom_padding_tablet=&#8221;|0px||0px|false|true&#8221; custom_padding_phone=&#8221;&#8221; global_colors_info=&#8221;{}&#8221;][et_pb_row _builder_version=&#8221;4.16&#8243; _module_preset=&#8221;default&#8221; custom_padding=&#8221;0px||0px||true|false&#8221; locked=&#8221;off&#8221; global_colors_info=&#8221;{}&#8221;][et_pb_column type=&#8221;4_4&#8243; _builder_version=&#8221;4.16&#8243; _module_preset=&#8221;default&#8221; global_colors_info=&#8221;{}&#8221;][et_pb_image src=&#8221;http:\/\/frederiksgade1.com\/wp-content\/uploads\/2022\/05\/F1_1200x769_fotos_OMOS_1_ny.jpg&#8221; title_text=&#8221;F1_1200x769_fotos_OMOS_1_ny&#8221; _builder_version=&#8221;4.17.3&#8243; _module_preset=&#8221;default&#8221; custom_margin=&#8221;||||true|false&#8221; custom_padding=&#8221;||||true|false&#8221; global_colors_info=&#8221;{}&#8221;][\/et_pb_image][\/et_pb_column][\/et_pb_row][\/et_pb_section][et_pb_section fb_built=&#8221;1&#8243; custom_padding_last_edited=&#8221;on|phone&#8221; _builder_version=&#8221;4.16&#8243; _module_preset=&#8221;default&#8221; custom_padding=&#8221;|152px||152px|false|true&#8221; custom_padding_tablet=&#8221;|0px||0px|false|true&#8221; custom_padding_phone=&#8221;&#8221; global_colors_info=&#8221;{}&#8221;][et_pb_row module_id=&#8221;danskdesign&#8221; _builder_version=&#8221;4.17.3&#8243; _module_preset=&#8221;default&#8221; custom_padding=&#8221;||||true|false&#8221; global_colors_info=&#8221;{}&#8221;][et_pb_column type=&#8221;4_4&#8243; _builder_version=&#8221;4.16&#8243; _module_preset=&#8221;default&#8221; global_colors_info=&#8221;{}&#8221;][et_pb_text _builder_version=&#8221;4.17.3&#8243; _module_preset=&#8221;default&#8221; text_font=&#8221;|300|||||||&#8221; text_orientation=&#8221;center&#8221; custom_margin=&#8221;||30px||false|false&#8221; global_colors_info=&#8221;{}&#8221;]<\/p>\n<h2 class=\"p1\">FRAMING DANISH DESIGN<\/h2>\n<p>[\/et_pb_text][et_pb_text _builder_version=&#8221;4.17.3&#8243; _module_preset=&#8221;default&#8221; text_font=&#8221;|300|||||||&#8221; text_orientation=&#8221;center&#8221; custom_margin=&#8221;||||false|false&#8221; global_colors_info=&#8221;{}&#8221;]<\/p>\n<p>FREDERIKSGADE 1 is a house where community and synergy goes hand in hand with the ambition to enhance the natural networking opportunities that arise from being under the same roof. The house is an international window out to the world at large, where Danish art, craft and design excellence finds a convincing platform to expose its continued allure.<\/p>\n<p>The design house FREDERIKSGADE 1 frames Danish design. We provide a framework for communication, exposure and presentation of historical and iconic furniture designers as well as contemporary design brands and talents. A unified narrative where each exhibitor presents an individual story in a larger context, thereby writing a new and relevant chapter in Danish design history together.<\/p>\n<p>[\/et_pb_text][\/et_pb_column][\/et_pb_row][et_pb_row column_structure=&#8221;1_3,1_3,1_3&#8243; use_custom_gutter=&#8221;on&#8221; _builder_version=&#8221;4.16&#8243; _module_preset=&#8221;default&#8221; global_colors_info=&#8221;{}&#8221;][et_pb_column type=&#8221;1_3&#8243; _builder_version=&#8221;4.16&#8243; _module_preset=&#8221;default&#8221; global_colors_info=&#8221;{}&#8221;][et_pb_image src=&#8221;http:\/\/frederiksgade1.com\/wp-content\/uploads\/2021\/09\/F1_1200x769_fotos_OMOS2.jpg&#8221; title_text=&#8221;F1_1200x769_fotos_OMOS2&#8243; _builder_version=&#8221;4.16&#8243; _module_preset=&#8221;default&#8221; global_colors_info=&#8221;{}&#8221;][\/et_pb_image][\/et_pb_column][et_pb_column type=&#8221;1_3&#8243; _builder_version=&#8221;4.16&#8243; _module_preset=&#8221;default&#8221; global_colors_info=&#8221;{}&#8221;][et_pb_image src=&#8221;http:\/\/frederiksgade1.com\/wp-content\/uploads\/2021\/09\/F1_1200x769_fotos_OMOS3.jpg&#8221; title_text=&#8221;F1_1200x769_fotos_OMOS3&#8243; _builder_version=&#8221;4.16&#8243; _module_preset=&#8221;default&#8221; global_colors_info=&#8221;{}&#8221;][\/et_pb_image][\/et_pb_column][et_pb_column type=&#8221;1_3&#8243; _builder_version=&#8221;4.16&#8243; _module_preset=&#8221;default&#8221; global_colors_info=&#8221;{}&#8221;][et_pb_image src=&#8221;http:\/\/frederiksgade1.com\/wp-content\/uploads\/2021\/09\/F1_1200x769_fotos_OMOS4.jpg&#8221; title_text=&#8221;F1_1200x769_fotos_OMOS4&#8243; _builder_version=&#8221;4.16&#8243; _module_preset=&#8221;default&#8221; global_colors_info=&#8221;{}&#8221;][\/et_pb_image][\/et_pb_column][\/et_pb_row][et_pb_row module_id=&#8221;historie&#8221; _builder_version=&#8221;4.16&#8243; _module_preset=&#8221;default&#8221; custom_padding=&#8221;||||true|false&#8221; global_colors_info=&#8221;{}&#8221;][et_pb_column type=&#8221;4_4&#8243; _builder_version=&#8221;4.16&#8243; _module_preset=&#8221;default&#8221; global_colors_info=&#8221;{}&#8221;][et_pb_text _builder_version=&#8221;4.17.3&#8243; _module_preset=&#8221;default&#8221; text_font=&#8221;|300|||||||&#8221; text_orientation=&#8221;center&#8221; custom_margin=&#8221;||30px||false|false&#8221; global_colors_info=&#8221;{}&#8221;]<\/p>\n<h2 class=\"p1\">A HOUSE GROUNDED IN HISTORY<\/h2>\n<p>[\/et_pb_text][et_pb_text _builder_version=&#8221;4.16&#8243; _module_preset=&#8221;default&#8221; text_font=&#8221;|300|||||||&#8221; text_orientation=&#8221;center&#8221; custom_margin=&#8221;||||false|false&#8221; global_colors_info=&#8221;{}&#8221;]<\/p>\n<p>The design house FREDERIKSGADE 1 is situated on a Classicist square whose history presents itself in every meticulous detail of the high ceilings, staircases and walls of our elegant spaces. The building was ordered by the merchant C. F. Tietgen and raised at the end of the 1880s. Framing the corner of Store Kongensgade and Frederiksgade, the square lies at the heart of historic Frederiksstaden in central Copenhagen, where the grand Marble Church meets the newly opened metro station at its base. Moving through the building, one senses the past\u2019s grandeur as well as a new story being written.<\/p>\n<p>[\/et_pb_text][\/et_pb_column][\/et_pb_row][et_pb_row _builder_version=&#8221;4.22.1&#8243; _module_preset=&#8221;default&#8221; custom_padding=&#8221;||||false|false&#8221; global_colors_info=&#8221;{}&#8221;][et_pb_column type=&#8221;4_4&#8243; _builder_version=&#8221;4.16&#8243; _module_preset=&#8221;default&#8221; global_colors_info=&#8221;{}&#8221;][et_pb_image src=&#8221;http:\/\/frederiksgade1.com\/wp-content\/uploads\/2021\/09\/F1_1200x769_fotos_OMOS5.jpg&#8221; title_text=&#8221;F1_1200x769_fotos_OMOS5&#8243; _builder_version=&#8221;4.16&#8243; _module_preset=&#8221;default&#8221; global_colors_info=&#8221;{}&#8221;][\/et_pb_image][\/et_pb_column][\/et_pb_row][et_pb_row module_id=&#8221;vaerdi&#8221; _builder_version=&#8221;4.16&#8243; _module_preset=&#8221;default&#8221; custom_padding=&#8221;||||true|false&#8221; global_colors_info=&#8221;{}&#8221;][et_pb_column type=&#8221;4_4&#8243; _builder_version=&#8221;4.16&#8243; _module_preset=&#8221;default&#8221; global_colors_info=&#8221;{}&#8221;][et_pb_text _builder_version=&#8221;4.22.1&#8243; _module_preset=&#8221;default&#8221; text_font=&#8221;|300|||||||&#8221; text_orientation=&#8221;center&#8221; custom_margin=&#8221;||30px||false|false&#8221; global_colors_info=&#8221;{}&#8221;]<\/p>\n<h2 class=\"p1\">Vores mission<\/h2>\n<p>[\/et_pb_text][et_pb_text _builder_version=&#8221;4.22.1&#8243; _module_preset=&#8221;default&#8221; text_font=&#8221;|300|||||||&#8221; text_orientation=&#8221;center&#8221; custom_margin=&#8221;||||false|false&#8221; global_colors_info=&#8221;{}&#8221;]<\/p>\n<p>Missionen for Designhuset FREDERIKSGADE 1 er at medvirke til dannelse af f\u00e6llesskaber i designmilj\u00f8et i og uden for FREDERIKSGADE 1, med henblik p\u00e5 at f\u00e6llesskabet bl.a. kan medvirke til forretningsm\u00e6ssige synergier til fordel for flest mulige. Desuden er missionen at markedsf\u00f8re os sammen og hver for sig p\u00e5 vores f\u00e6lles internationale markedsplatforme, dels FREDERIKSGADE 1\u00b4s hjemmeside og Instagramprofil og dels gennem afholdelse af f\u00e6lles events.<\/p>\n<p>[\/et_pb_text][\/et_pb_column][\/et_pb_row][et_pb_row module_id=&#8221;vaerdi&#8221; _builder_version=&#8221;4.16&#8243; _module_preset=&#8221;default&#8221; custom_padding=&#8221;||||true|false&#8221; global_colors_info=&#8221;{}&#8221;][et_pb_column type=&#8221;4_4&#8243; _builder_version=&#8221;4.16&#8243; _module_preset=&#8221;default&#8221; global_colors_info=&#8221;{}&#8221;][et_pb_text _builder_version=&#8221;4.22.1&#8243; _module_preset=&#8221;default&#8221; text_font=&#8221;|300|||||||&#8221; text_orientation=&#8221;center&#8221; custom_margin=&#8221;||30px||false|false&#8221; global_colors_info=&#8221;{}&#8221;]<\/p>\n<h2 class=\"p1\">Vores vision<\/h2>\n<p>[\/et_pb_text][et_pb_text _builder_version=&#8221;4.22.1&#8243; _module_preset=&#8221;default&#8221; text_font=&#8221;|300|||||||&#8221; text_orientation=&#8221;center&#8221; custom_margin=&#8221;||||false|false&#8221; global_colors_info=&#8221;{}&#8221;]<\/p>\n<p>Visionen for Designhuset FREDERIKSGADE 1 er at blive et internationalt epicenter for design p\u00e5 h\u00f8jt niveau. Et epicenter, hvor stadig flere internationalt f\u00f8rende designere, up and coming designere, designinstitutioner, designproducenter og arkitekter m\u00f8des og holder til. Vi \u00f8nsker ogs\u00e5 at blive et epicenter for pressefolk og potentielle samarbejdspartnere, herunder stylister og markedsf\u00f8ringsvirksomheder, inden for design. Sidst, men ikke mindst, er det vores vision med vores dynamiske udstillinger at tiltr\u00e6kke et k\u00f8best\u00e6rkt publikum.<\/p>\n<p>[\/et_pb_text][\/et_pb_column][\/et_pb_row][et_pb_row column_structure=&#8221;1_3,1_3,1_3&#8243; use_custom_gutter=&#8221;on&#8221; _builder_version=&#8221;4.22.1&#8243; _module_preset=&#8221;default&#8221; custom_padding=&#8221;||||false|false&#8221; global_colors_info=&#8221;{}&#8221;][et_pb_column type=&#8221;1_3&#8243; _builder_version=&#8221;4.16&#8243; _module_preset=&#8221;default&#8221; global_colors_info=&#8221;{}&#8221;][et_pb_image src=&#8221;http:\/\/frederiksgade1.com\/wp-content\/uploads\/2022\/05\/F1_1200x769_fotos_OMOS_6_ny.jpg&#8221; title_text=&#8221;F1_1200x769_fotos_OMOS_6_ny&#8221; _builder_version=&#8221;4.17.3&#8243; _module_preset=&#8221;default&#8221; global_colors_info=&#8221;{}&#8221;][\/et_pb_image][\/et_pb_column][et_pb_column type=&#8221;1_3&#8243; _builder_version=&#8221;4.16&#8243; _module_preset=&#8221;default&#8221; global_colors_info=&#8221;{}&#8221;][et_pb_image src=&#8221;http:\/\/frederiksgade1.com\/wp-content\/uploads\/2021\/09\/F1_1200x769_fotos_OMOS7.jpg&#8221; title_text=&#8221;F1_1200x769_fotos_OMOS7&#8243; _builder_version=&#8221;4.16&#8243; _module_preset=&#8221;default&#8221; global_colors_info=&#8221;{}&#8221;][\/et_pb_image][\/et_pb_column][et_pb_column type=&#8221;1_3&#8243; _builder_version=&#8221;4.16&#8243; _module_preset=&#8221;default&#8221; global_colors_info=&#8221;{}&#8221;][et_pb_image src=&#8221;http:\/\/frederiksgade1.com\/wp-content\/uploads\/2021\/09\/F1_1200x769_fotos_OMOS8_ny.jpg&#8221; title_text=&#8221;F1_1200x769_fotos_OMOS8_ny&#8221; _builder_version=&#8221;4.16&#8243; _module_preset=&#8221;default&#8221; global_colors_info=&#8221;{}&#8221;][\/et_pb_image][\/et_pb_column][\/et_pb_row][et_pb_row module_id=&#8221;vaerdi&#8221; _builder_version=&#8221;4.16&#8243; _module_preset=&#8221;default&#8221; custom_padding=&#8221;||||true|false&#8221; global_colors_info=&#8221;{}&#8221;][et_pb_column type=&#8221;4_4&#8243; _builder_version=&#8221;4.16&#8243; _module_preset=&#8221;default&#8221; global_colors_info=&#8221;{}&#8221;][et_pb_text _builder_version=&#8221;4.17.3&#8243; _module_preset=&#8221;default&#8221; text_font=&#8221;|300|||||||&#8221; text_orientation=&#8221;center&#8221; custom_margin=&#8221;||30px||false|false&#8221; global_colors_info=&#8221;{}&#8221;]<\/p>\n<h2 class=\"p1\">OUR VALUES<\/h2>\n<p>[\/et_pb_text][et_pb_text _builder_version=&#8221;4.17.3&#8243; _module_preset=&#8221;default&#8221; text_font=&#8221;|300|||||||&#8221; text_orientation=&#8221;center&#8221; custom_margin=&#8221;||||false|false&#8221; global_colors_info=&#8221;{}&#8221;]<\/p>\n<p>The square at Frederiksgade is home to the Holger Kvist Fund and the design house FREDERIKSGADE 1, both working to promote Danish design. The fund is responsible for the physical and architectural framework, while FREDERIKSGADE 1 preserves the particular spirit of and synergy between the regular exhibitors inhabiting the showrooms and studios. Exhibitors are chosen on the basis of their focus on quality, ambition and ability to take part in and live up to the design house\u2019s fundamental values of diversity and interaction .<\/p>\n<p>[\/et_pb_text][\/et_pb_column][\/et_pb_row][et_pb_row _builder_version=&#8221;4.16&#8243; _module_preset=&#8221;default&#8221; custom_padding=&#8221;||32px|||&#8221; global_colors_info=&#8221;{}&#8221;][et_pb_column type=&#8221;4_4&#8243; _builder_version=&#8221;4.16&#8243; _module_preset=&#8221;default&#8221; global_colors_info=&#8221;{}&#8221;][et_pb_image src=&#8221;http:\/\/frederiksgade1.com\/wp-content\/uploads\/2021\/09\/F1_1200x769_fotos_OMOS9.jpg&#8221; title_text=&#8221;F1_1200x769_fotos_OMOS9&#8243; _builder_version=&#8221;4.16&#8243; _module_preset=&#8221;default&#8221; global_colors_info=&#8221;{}&#8221;][\/et_pb_image][\/et_pb_column][\/et_pb_row][et_pb_row column_structure=&#8221;1_3,1_3,1_3&#8243; use_custom_gutter=&#8221;on&#8221; _builder_version=&#8221;4.16&#8243; _module_preset=&#8221;default&#8221; custom_padding=&#8221;0px|||||&#8221; global_colors_info=&#8221;{}&#8221;][et_pb_column type=&#8221;1_3&#8243; _builder_version=&#8221;4.16&#8243; _module_preset=&#8221;default&#8221; global_colors_info=&#8221;{}&#8221;][et_pb_image src=&#8221;http:\/\/frederiksgade1.com\/wp-content\/uploads\/2021\/09\/F1_1200x769_fotos_OMOS10.jpg&#8221; title_text=&#8221;F1_1200x769_fotos_OMOS10&#8243; _builder_version=&#8221;4.16&#8243; _module_preset=&#8221;default&#8221; global_colors_info=&#8221;{}&#8221;][\/et_pb_image][\/et_pb_column][et_pb_column type=&#8221;1_3&#8243; _builder_version=&#8221;4.16&#8243; _module_preset=&#8221;default&#8221; global_colors_info=&#8221;{}&#8221;][et_pb_image src=&#8221;http:\/\/frederiksgade1.com\/wp-content\/uploads\/2021\/09\/F1_1200x769_fotos_OMOS11.jpg&#8221; title_text=&#8221;F1_1200x769_fotos_OMOS11&#8243; _builder_version=&#8221;4.16&#8243; _module_preset=&#8221;default&#8221; global_colors_info=&#8221;{}&#8221;][\/et_pb_image][\/et_pb_column][et_pb_column type=&#8221;1_3&#8243; _builder_version=&#8221;4.16&#8243; _module_preset=&#8221;default&#8221; global_colors_info=&#8221;{}&#8221;][et_pb_image src=&#8221;http:\/\/frederiksgade1.com\/wp-content\/uploads\/2021\/09\/F1_1200x769_fotos_OMOS12.jpg&#8221; title_text=&#8221;F1_1200x769_fotos_OMOS12&#8243; _builder_version=&#8221;4.16&#8243; _module_preset=&#8221;default&#8221; global_colors_info=&#8221;{}&#8221;][\/et_pb_image][\/et_pb_column][\/et_pb_row][\/et_pb_section]<\/p>\n","protected":false},"excerpt":{"rendered":"<p>FRAMING DANISH DESIGNFREDERIKSGADE 1 is a house where community and synergy goes hand in hand with the ambition to enhance the natural networking opportunities that arise from being under the same roof. The house is an international window out to the world at large, where Danish art, craft and design excellence finds a convincing platform [&hellip;]<\/p>\n","protected":false},"author":1,"featured_media":0,"parent":0,"menu_order":0,"comment_status":"closed","ping_status":"closed","template":"","meta":{"_et_pb_use_builder":"on","_et_pb_old_content":"","_et_gb_content_width":"","inline_featured_image":false,"footnotes":""},"class_list":["post-237506","page","type-page","status-publish","hentry"],"jetpack_sharing_enabled":true,"_links":{"self":[{"href":"http:\/\/frederiksgade1.com\/en\/wp-json\/wp\/v2\/pages\/237506","targetHints":{"allow":["GET"]}}],"collection":[{"href":"http:\/\/frederiksgade1.com\/en\/wp-json\/wp\/v2\/pages"}],"about":[{"href":"http:\/\/frederiksgade1.com\/en\/wp-json\/wp\/v2\/types\/page"}],"author":[{"embeddable":true,"href":"http:\/\/frederiksgade1.com\/en\/wp-json\/wp\/v2\/users\/1"}],"replies":[{"embeddable":true,"href":"http:\/\/frederiksgade1.com\/en\/wp-json\/wp\/v2\/comments?post=237506"}],"version-history":[{"count":24,"href":"http:\/\/frederiksgade1.com\/en\/wp-json\/wp\/v2\/pages\/237506\/revisions"}],"predecessor-version":[{"id":238647,"href":"http:\/\/frederiksgade1.com\/en\/wp-json\/wp\/v2\/pages\/237506\/revisions\/238647"}],"wp:attachment":[{"href":"http:\/\/frederiksgade1.com\/en\/wp-json\/wp\/v2\/media?parent=237506"}],"curies":[{"name":"wp","href":"https:\/\/api.w.org\/{rel}","templated":true}]}}